{"id":102,"date":"2019-04-07T13:50:14","date_gmt":"2019-04-07T13:50:14","guid":{"rendered":"http:\/\/test3.test\/?page_id=102"},"modified":"2023-01-02T11:19:53","modified_gmt":"2023-01-02T11:19:53","slug":"blue","status":"publish","type":"page","link":"https:\/\/www.casadarriba.com\/fr\/blue\/","title":{"rendered":"Studio Azul"},"content":{"rendered":"<div><\/div>\n<div class=\"linkas\"><a href=\"https:\/\/www.casadarriba.com\/fr\/prix-et-condicions\/\" rel=\"noopener noreferrer\"> Prix et conditions <\/a><\/div>\n<p>1 Novembre au 31 de Mars 90 euros<br \/>\n1 Abril au 31 Octobre 100 euros<\/p>\n<h2>\u00c9quipements dans la chambre:<\/h2>\n<p><strong>STUDIO<br \/>\n<\/strong><\/p>\n<ul>\n<li>Balcon avec table et chaises<\/li>\n<li>WIFI Internet gratuit<\/li>\n<li>T\u00e9l\u00e9vision par c\u00e2ble<\/li>\n<li>un lit double<\/li>\n<li>Table et chaises<\/li>\n<li>po\u00eale \u00e9lectrique<\/li>\n<li>exauster<\/li>\n<li>R\u00e9frig\u00e9rateur et cong\u00e9lateur<\/li>\n<li>Machine \u00e0 caf\u00e9<\/li>\n<li>Toaster<\/li>\n<li>bouilloire \u00e9lectrique<\/li>\n<li>micro-onde<\/li>\n<li>Plats<\/li>\n<li>Casseroles et ustensiles de cuisine<\/li>\n<li>Vaisselle et couverts<\/li>\n<\/ul>\n<p><strong>SALLE DE BAIN<\/strong><\/p>\n<ul>\n<li>S\u00e8che-cheveux<\/li>\n<li>Baignoire\/Douche<\/li>\n<li>Toilette<\/li>\n<\/ul>\n","protected":false},"excerpt":{"rendered":"<p>Prix et conditions 1 Novembre au 31 de Mars 90 euros 1 Abril au 31 Octobre 100 euros \u00c9quipements dans [&hellip;]<\/p>\n","protected":false},"author":1,"featured_media":0,"parent":0,"menu_order":0,"comment_status":"closed","ping_status":"closed","template":"","meta":{"footnotes":""},"class_list":["post-102","page","type-page","status-publish","hentry"],"_links":{"self":[{"href":"https:\/\/www.casadarriba.com\/fr\/wp-json\/wp\/v2\/pages\/102","targetHints":{"allow":["GET"]}}],"collection":[{"href":"https:\/\/www.casadarriba.com\/fr\/wp-json\/wp\/v2\/pages"}],"about":[{"href":"https:\/\/www.casadarriba.com\/fr\/wp-json\/wp\/v2\/types\/page"}],"author":[{"embeddable":true,"href":"https:\/\/www.casadarriba.com\/fr\/wp-json\/wp\/v2\/users\/1"}],"replies":[{"embeddable":true,"href":"https:\/\/www.casadarriba.com\/fr\/wp-json\/wp\/v2\/comments?post=102"}],"version-history":[{"count":4,"href":"https:\/\/www.casadarriba.com\/fr\/wp-json\/wp\/v2\/pages\/102\/revisions"}],"predecessor-version":[{"id":128,"href":"https:\/\/www.casadarriba.com\/fr\/wp-json\/wp\/v2\/pages\/102\/revisions\/128"}],"wp:attachment":[{"href":"https:\/\/www.casadarriba.com\/fr\/wp-json\/wp\/v2\/media?parent=102"}],"curies":[{"name":"wp","href":"https:\/\/api.w.org\/{rel}","templated":true}]}}