{"id":14,"date":"2019-03-29T10:03:21","date_gmt":"2019-03-29T10:03:21","guid":{"rendered":"http:\/\/test3.test\/?page_id=9"},"modified":"2025-07-08T19:35:55","modified_gmt":"2025-07-08T19:35:55","slug":"prix-et-condicions","status":"publish","type":"page","link":"https:\/\/www.casadarriba.com\/fr\/prix-et-condicions\/","title":{"rendered":"Prix et conditions"},"content":{"rendered":"<h3><b>PRIX<\/b><\/h3>\n<p><b>Hors saison (1 Oct. au 31 Mars) \u00a0\u00a0<\/b><\/p>\n<p>Verde&#8230;&#8230;&#8230;&#8230;&#8230;&#8230;&#8230;&#8230;&#8230;&#8230;&#8230;&#8230;..120\u20ac (2 pers.)<\/p>\n<p>Amarelo&#8230;&#8230;&#8230;&#8230;&#8230;&#8230;&#8230;&#8230;&#8230;&#8230;.. 110\u20ac (2 pers.)<\/p>\n<p>Azul&#8230;&#8230;&#8230;&#8230;&#8230;&#8230;&#8230;&#8230;&#8230;&#8230;&#8230;&#8230;&#8230;. 90\u20ac (2 pers.)<\/p>\n<p><b>Haute saison (1 de Avril au 30 Sept.)<\/b><\/p>\n<p>Verde&#8230;&#8230;&#8230;&#8230;&#8230;&#8230;&#8230;&#8230;&#8230;&#8230;&#8230;&#8230;..130\u20ac (2 pers.)<\/p>\n<p>Amarelo&#8230;&#8230;&#8230;&#8230;&#8230;&#8230;&#8230;&#8230;&#8230;&#8230;.. 120\u20ac (2 pers.)<\/p>\n<p>Azul&#8230;&#8230;&#8230;&#8230;&#8230;&#8230;&#8230;&#8230;&#8230;&#8230;&#8230;&#8230;&#8230;. 100\u20ac (2 pers.)<\/p>\n<p id=\"tw-target-text\" class=\"tw-data-text tw-text-large tw-ta\" dir=\"ltr\" data-placeholder=\"Tradu\u00e7\u00e3o\"><span lang=\"fr\" tabindex=\"0\">Le studio amarelo peut recevoir 2 personnes suppl\u00e9mentaires. Le studio verde peut recevoir 1 personne suppl\u00e9mentaire. Le s\u00e9jour minimum hors saison est de 2 nuits. En haute saison le s\u00e9jour minimum est de 5 nuits. (Il peut y avoir des exceptions selon disponibilit\u00e9, s&#8217;il vous pla\u00eet contactez-nous directement)<\/span><\/p>\n<p>Le lit suppl\u00e9mentaire (+10 ans) sera au prix de 25 Euros. Pour les b\u00e9b\u00e9s jusqu&#8217;\u00e0 3 ans c&#8217;est gratuit. Entre 4 et 10 ans, le tarif sera de 15 euros.<\/p>\n<p>&nbsp;<\/p>\n<p><strong>S\u00e9jour minimum de 2 nuits Hors saison<\/strong><\/p>\n<p>Pendant la haute saison en Juillet, Ao\u00fbt et Septembre, le s\u00e9jour minimum est de 5 nuits<\/p>\n<p>Il est interdit de fumer \u00e0 l&#8217;int\u00e9rieur des studios.<\/p>\n<p>Le d\u00e9part doit \u00eatre fait avant 12,00 heures.<\/p>\n<p>Le check-in est \u00e0 partir de 15,00 heures. Si vous arrivez apr\u00e8s 21h00, s&#8217;il vous pla\u00eet laissez-nous savoir afin que nous puissions assurer un accueil agr\u00e9able et rapide.<\/p>\n<p>Les animaux ne sont pas accept\u00e9s.<\/p>\n<p>&nbsp;<\/p>\n<p><strong>Conditions de paiement<\/strong><\/p>\n<p>Un d\u00e9p\u00f4t non-remboursable de 30% du total de la r\u00e9servation est n\u00e9cessaire.<\/p>\n<p>Le reste sera pay\u00e9 \u00e0 l&#8217;arriv\u00e9e.<\/p>\n<p>Les paiements peuvent \u00eatre faits en esp\u00e8ces, virement bancaire ou paypal.<\/p>\n<p>Les cartes suivantes sont accept\u00e9s: Visa cr\u00e9dit et de d\u00e9bit, Mastercard et Maestro.( avec une surcharge de 6%)<\/p>\n<p>&nbsp;<\/p>\n<p><strong>Politique d&#8217;annulation<\/strong><\/p>\n<p>En cas de non pr\u00e9sentation ou de la r\u00e9duction du s\u00e9jour (apr\u00e8s la date de l&#8217;arriv\u00e9e), il y aura pas de remboursement.<\/p>\n","protected":false},"excerpt":{"rendered":"<p>PRIX Hors saison (1 Oct. au 31 Mars) \u00a0\u00a0 Verde&#8230;&#8230;&#8230;&#8230;&#8230;&#8230;&#8230;&#8230;&#8230;&#8230;&#8230;&#8230;..120\u20ac (2 pers.) Amarelo&#8230;&#8230;&#8230;&#8230;&#8230;&#8230;&#8230;&#8230;&#8230;&#8230;.. 110\u20ac (2 pers.) Azul&#8230;&#8230;&#8230;&#8230;&#8230;&#8230;&#8230;&#8230;&#8230;&#8230;&#8230;&#8230;&#8230;. 90\u20ac (2 pers.) [&hellip;]<\/p>\n","protected":false},"author":1,"featured_media":0,"parent":0,"menu_order":0,"comment_status":"closed","ping_status":"closed","template":"","meta":{"footnotes":""},"class_list":["post-14","page","type-page","status-publish","hentry"],"_links":{"self":[{"href":"https:\/\/www.casadarriba.com\/fr\/wp-json\/wp\/v2\/pages\/14","targetHints":{"allow":["GET"]}}],"collection":[{"href":"https:\/\/www.casadarriba.com\/fr\/wp-json\/wp\/v2\/pages"}],"about":[{"href":"https:\/\/www.casadarriba.com\/fr\/wp-json\/wp\/v2\/types\/page"}],"author":[{"embeddable":true,"href":"https:\/\/www.casadarriba.com\/fr\/wp-json\/wp\/v2\/users\/1"}],"replies":[{"embeddable":true,"href":"https:\/\/www.casadarriba.com\/fr\/wp-json\/wp\/v2\/comments?post=14"}],"version-history":[{"count":5,"href":"https:\/\/www.casadarriba.com\/fr\/wp-json\/wp\/v2\/pages\/14\/revisions"}],"predecessor-version":[{"id":133,"href":"https:\/\/www.casadarriba.com\/fr\/wp-json\/wp\/v2\/pages\/14\/revisions\/133"}],"wp:attachment":[{"href":"https:\/\/www.casadarriba.com\/fr\/wp-json\/wp\/v2\/media?parent=14"}],"curies":[{"name":"wp","href":"https:\/\/api.w.org\/{rel}","templated":true}]}}