{"id":16,"date":"2019-03-29T10:03:56","date_gmt":"2019-03-29T10:03:56","guid":{"rendered":"http:\/\/test3.test\/?page_id=13"},"modified":"2019-03-29T10:03:56","modified_gmt":"2019-03-29T10:03:56","slug":"bookings","status":"publish","type":"page","link":"https:\/\/www.casadarriba.com\/fr\/bookings\/","title":{"rendered":"Reservations"},"content":{"rendered":"<p>Les r\u00e9servations effectu\u00e9es via ce formulaire sont seulement efficaces lors de la confirmation du virement bancaire de 30% du montant total du s\u00e9jour, la confirmation doit \u00eatre envoy\u00e9 \u00e0 reservas@casadarriba.com.<\/p>\n<p>Les r\u00e9servations directes faites par le link BookNow ou un autre website sont automatiques et ont priorit\u00e9.<\/p>\n<p><a class=\"btn btn-santaclaus\" role=\"button\" href=\"https:\/\/portal.freetobook.com\/reservations?w_id=7474&amp;w_tkn=t8Fkv1hiOTd14RDVeY5aZA7cjvIbGWUBwR0QcArIh0lwdbdWVlspOQkJwwuiy\" target=\"_blank\" rel=\"noopener noreferrer\"> Book Now <\/a><\/p>\n<p>&nbsp;<\/p>\n<p><strong><b>Nos coordonn\u00e9es bancaires sont les suivantes:<\/b><\/strong><\/p>\n<p>Joana Gon\u00e7alves<br \/>\nIBAN: \u00a0\u00a0\u00a0\u00a0PT50 0033 0000 4530 5845 1940 5<br \/>\nBIC\/SWIFT: \u00a0\u00a0\u00a0\u00a0BCOMPTPL<br \/>\nMillenium BCP Bank<br \/>\nPortugal<\/p>\n","protected":false},"excerpt":{"rendered":"<p>Les r\u00e9servations effectu\u00e9es via ce formulaire sont seulement efficaces lors de la confirmation du virement bancaire de 30% du montant [&hellip;]<\/p>\n","protected":false},"author":1,"featured_media":0,"parent":0,"menu_order":0,"comment_status":"closed","ping_status":"closed","template":"","meta":{"footnotes":""},"class_list":["post-16","page","type-page","status-publish","hentry"],"_links":{"self":[{"href":"https:\/\/www.casadarriba.com\/fr\/wp-json\/wp\/v2\/pages\/16","targetHints":{"allow":["GET"]}}],"collection":[{"href":"https:\/\/www.casadarriba.com\/fr\/wp-json\/wp\/v2\/pages"}],"about":[{"href":"https:\/\/www.casadarriba.com\/fr\/wp-json\/wp\/v2\/types\/page"}],"author":[{"embeddable":true,"href":"https:\/\/www.casadarriba.com\/fr\/wp-json\/wp\/v2\/users\/1"}],"replies":[{"embeddable":true,"href":"https:\/\/www.casadarriba.com\/fr\/wp-json\/wp\/v2\/comments?post=16"}],"version-history":[{"count":0,"href":"https:\/\/www.casadarriba.com\/fr\/wp-json\/wp\/v2\/pages\/16\/revisions"}],"wp:attachment":[{"href":"https:\/\/www.casadarriba.com\/fr\/wp-json\/wp\/v2\/media?parent=16"}],"curies":[{"name":"wp","href":"https:\/\/api.w.org\/{rel}","templated":true}]}}