{"id":17,"date":"2019-03-29T10:05:42","date_gmt":"2019-03-29T10:05:42","guid":{"rendered":"http:\/\/test3.test\/?page_id=15"},"modified":"2023-01-02T11:20:32","modified_gmt":"2023-01-02T11:20:32","slug":"green","status":"publish","type":"page","link":"https:\/\/www.casadarriba.com\/fr\/green\/","title":{"rendered":"Studio Verde"},"content":{"rendered":"<div><\/div>\n<div class=\"linkas\"><a href=\"https:\/\/www.casadarriba.com\/fr\/prix-et-condicions\/\" rel=\"noopener noreferrer\"> Prix et conditions <\/a><\/div>\n<p>1 Novembre au 31 Mars 120euros<br \/>\n1 Avril au 31 de Octobre 130 euros<\/p>\n<h2>\u00c9quipements dans la chambre:<\/h2>\n<p><strong>STUDIO<br \/>\n<\/strong><\/p>\n<ul>\n<li>Balcon avec table et chaises<\/li>\n<li>WIFI Internet gratuit<\/li>\n<li>T\u00e9l\u00e9vision par c\u00e2ble<\/li>\n<li>un lit double<\/li>\n<li>1 Sommier<\/li>\n<li>Table et chaises<\/li>\n<li>po\u00eale \u00e9lectrique<\/li>\n<li>exauster<\/li>\n<li>R\u00e9frig\u00e9rateur et cong\u00e9lateur<\/li>\n<li>Machine \u00e0 caf\u00e9<\/li>\n<li>Toaster<\/li>\n<li>bouilloire \u00e9lectrique<\/li>\n<li>micro-onde<\/li>\n<li>Plats<\/li>\n<li>Casseroles et ustensiles de cuisine<\/li>\n<li>Vaisselle et couverts<\/li>\n<\/ul>\n<p><strong>SALLE DE BAIN<\/strong><\/p>\n<ul>\n<li>S\u00e8che-cheveux<\/li>\n<li>Douche<\/li>\n<li>Toilette<\/li>\n<\/ul>\n<p><strong>ENFANTS (uniquement si demand\u00e9)<\/strong><\/p>\n<ul>\n<li>Baignoire pour b\u00e9b\u00e9<\/li>\n<li>Lit b\u00e9b\u00e9 avec matelas et literie<\/li>\n<li>Chaise pour enfant<\/li>\n<\/ul>\n<p>&nbsp;<\/p>\n","protected":false},"excerpt":{"rendered":"<p>Prix et conditions 1 Novembre au 31 Mars 120euros 1 Avril au 31 de Octobre 130 euros \u00c9quipements dans la [&hellip;]<\/p>\n","protected":false},"author":1,"featured_media":0,"parent":0,"menu_order":0,"comment_status":"closed","ping_status":"closed","template":"","meta":{"footnotes":""},"class_list":["post-17","page","type-page","status-publish","hentry"],"_links":{"self":[{"href":"https:\/\/www.casadarriba.com\/fr\/wp-json\/wp\/v2\/pages\/17","targetHints":{"allow":["GET"]}}],"collection":[{"href":"https:\/\/www.casadarriba.com\/fr\/wp-json\/wp\/v2\/pages"}],"about":[{"href":"https:\/\/www.casadarriba.com\/fr\/wp-json\/wp\/v2\/types\/page"}],"author":[{"embeddable":true,"href":"https:\/\/www.casadarriba.com\/fr\/wp-json\/wp\/v2\/users\/1"}],"replies":[{"embeddable":true,"href":"https:\/\/www.casadarriba.com\/fr\/wp-json\/wp\/v2\/comments?post=17"}],"version-history":[{"count":3,"href":"https:\/\/www.casadarriba.com\/fr\/wp-json\/wp\/v2\/pages\/17\/revisions"}],"predecessor-version":[{"id":129,"href":"https:\/\/www.casadarriba.com\/fr\/wp-json\/wp\/v2\/pages\/17\/revisions\/129"}],"wp:attachment":[{"href":"https:\/\/www.casadarriba.com\/fr\/wp-json\/wp\/v2\/media?parent=17"}],"curies":[{"name":"wp","href":"https:\/\/api.w.org\/{rel}","templated":true}]}}