{"id":25,"date":"2019-04-07T12:09:00","date_gmt":"2019-04-07T12:09:00","guid":{"rendered":"http:\/\/test3.test\/?page_id=25"},"modified":"2019-04-07T12:09:00","modified_gmt":"2019-04-07T12:09:00","slug":"commentaires","status":"publish","type":"page","link":"https:\/\/www.casadarriba.com\/fr\/commentaires\/","title":{"rendered":"Commentaires"},"content":{"rendered":"<p><b><i>Appr\u00e9ciation<\/i><\/b><\/p>\n<p><i>&#8220;Apr\u00e8s un choix serr\u00e9 et difficile par rapport \u00e0 d&#8217;autres lieux proche de Lisbonne, nous avons choisi de poser nos valises chez Filipe et Isabel \u00e0 la Casa d&#8217;Arriba. Avant le d\u00e9part, les \u00e9changes mails furent nombreux car nous voulions un lieu tranquille, pr\u00e8s de la mer, sympa et pas trop touristique&#8230; Je vous rassure, on est plut\u00f4t jeunes, actifs et curieux&#8230; Filipe n&#8217;a pas h\u00e9sit\u00e9 de nous donner les plus d&#8217;infos possibles avec photos \u00e0 l&#8217;appui&#8230; Nous partions donc rassur\u00e9s quant \u00e0 notre choix et nous n&#8217;avons pas regrett\u00e9 notre choix. Bien au contraire. La casa d&#8217;Arribia se situe au bout d&#8217;une jet\u00e9e pr\u00e8s de la plage de la Consola\u00e7ao \u00e0 quelques KM de Peniche. C&#8217;est un endroit &#8220;authentique&#8221;, qui vit au rythme d&#8217;une petite station baln\u00e9aire locale, loin des plages surcharg\u00e9s. Le hasard a fait que nous \u00e9tions les tout premi\u00e8rs locataires, donc tout \u00e9tait neuf, d\u00e9cor\u00e9 avec go\u00fbt et grande classe. Imaginez un loft (il y en a 3 en tout) avec tout le confort et une vue imprenable s! ur l&#8217;oc\u00e9an, comme si les eaux allaient vous chatouiller les doigts de pieds assis sur votre transat sur le balcon.<\/i><\/p>\n<p><i>Epoustoufflant. Vous endormir au son des vagues et voir des couchers de soleil magnifiques&#8230;Vue aussi sur une roche volcanique \u00e0 quelques m\u00e8tres o\u00f9 se prom\u00e8nent et se &#8220;soignent&#8221; les anciens, car cette roche, nous raconte Filipe, avec le sourire au coin des l\u00e8vres, soigne les rhumatismes&#8230;Enfin il y a beaucoup de choses \u00e0 raconter sur ce petit s\u00e9jour. L&#8217;accueil fut chaleureux (en Fran\u00e7ais !!), le petit d\u00e9jeuner royal, &#8230; ils \u00e9taient aux petits soins pour nous&#8230; bref une adresse \u00e0 conseiller pour tout ceux qui re-cherchent un s\u00e9jour agr\u00e9able chez des gens agr\u00e9ables dans un village agr\u00e9able o\u00f9 il fait encore bon vivre. On est \u00e0 m\u00eame pas une heure de Lisbonne, il y a des choses \u00e0 voir tous les jours dans les environs (Obidos!!), la plage toute proche (2min \u00e0 pied) porte le pavillon bleu (donc hyper propre), la mer est belle, sauvage, (du vent !!!), la plage s&#8217;\u00e9! tire jusqu&#8217;\u00e0 Peniche (donc qq KM), il y a des dunes, enfin tout&#8230;j&#8217;allais oublier une petite guinguette sur la roche face \u00e0 la case o\u00f9 les triplettes de la praia de la consola\u00e7ao vous pr\u00e9parent un de ces plats typiques dont elle seules on le secr\u00e8t.<\/i><\/p>\n<p><i>Bonnes vacances. &#8221; Stefan S.<\/i><\/p>\n<p>Avec mon mari on a sejourn\u00e9 \u00e0 ce B&amp;B en novembre 2007. On en garde un souvenir inoubliable.<\/p>\n<p>L&#8217;appartement \u00e9tait impeccable.<\/p>\n<p>Les petits d\u00e9jeuners \u00e9taient extraordinaires et le meilleur, c&#8217;\u00e9tait la vue! Sur la falaise surplombant l&#8217;oc\u00e9an atlantique.<\/p>\n<p>Tout simplement magique!<\/p>\n<p><b>&#8220;Studio d\u00e9cor\u00e9 avec soin et gout,<\/b> tr\u00e8s propre, une vue exceptionnelle et un accueil tr\u00e8s chaleureux des propri\u00e9taires.&#8221;Sophie S.<\/p>\n<p>&nbsp;<\/p>\n","protected":false},"excerpt":{"rendered":"<p>Appr\u00e9ciation &#8220;Apr\u00e8s un choix serr\u00e9 et difficile par rapport \u00e0 d&#8217;autres lieux proche de Lisbonne, nous avons choisi de poser [&hellip;]<\/p>\n","protected":false},"author":1,"featured_media":0,"parent":0,"menu_order":0,"comment_status":"closed","ping_status":"closed","template":"","meta":{"footnotes":""},"class_list":["post-25","page","type-page","status-publish","hentry"],"_links":{"self":[{"href":"https:\/\/www.casadarriba.com\/fr\/wp-json\/wp\/v2\/pages\/25","targetHints":{"allow":["GET"]}}],"collection":[{"href":"https:\/\/www.casadarriba.com\/fr\/wp-json\/wp\/v2\/pages"}],"about":[{"href":"https:\/\/www.casadarriba.com\/fr\/wp-json\/wp\/v2\/types\/page"}],"author":[{"embeddable":true,"href":"https:\/\/www.casadarriba.com\/fr\/wp-json\/wp\/v2\/users\/1"}],"replies":[{"embeddable":true,"href":"https:\/\/www.casadarriba.com\/fr\/wp-json\/wp\/v2\/comments?post=25"}],"version-history":[{"count":0,"href":"https:\/\/www.casadarriba.com\/fr\/wp-json\/wp\/v2\/pages\/25\/revisions"}],"wp:attachment":[{"href":"https:\/\/www.casadarriba.com\/fr\/wp-json\/wp\/v2\/media?parent=25"}],"curies":[{"name":"wp","href":"https:\/\/api.w.org\/{rel}","templated":true}]}}