{"id":99,"date":"2019-04-07T13:49:20","date_gmt":"2019-04-07T13:49:20","guid":{"rendered":"http:\/\/test3.test\/?page_id=99"},"modified":"2023-01-02T11:19:20","modified_gmt":"2023-01-02T11:19:20","slug":"yellow","status":"publish","type":"page","link":"https:\/\/www.casadarriba.com\/fr\/yellow\/","title":{"rendered":"Studio Amarelo"},"content":{"rendered":"<div><\/div>\n<div class=\"linkas\"><a href=\"https:\/\/www.casadarriba.com\/fr\/prix-et-condicions\/\" rel=\"noopener noreferrer\"> Prix et condicions <\/a><\/div>\n<p>1 Novembre au 31 de Mars 110 euros<br \/>\n1 Avril au 30 Octobre 120 euros<\/p>\n<h2>\u00c9quipements dans la chambre:<\/h2>\n<p><strong>STUDIO<br \/>\n<\/strong><\/p>\n<ul>\n<li>Balcon avec table et chaises<\/li>\n<li>WIFI Internet gratuit<\/li>\n<li>T\u00e9l\u00e9vision par c\u00e2ble<\/li>\n<li>un lit double<\/li>\n<li>2 Sommiers<\/li>\n<li>Table et chaises<\/li>\n<li>po\u00eale \u00e9lectrique<\/li>\n<li>exauster<\/li>\n<li>R\u00e9frig\u00e9rateur et cong\u00e9lateur<\/li>\n<li>Machine \u00e0 caf\u00e9<\/li>\n<li>Toaster<\/li>\n<li>bouilloire \u00e9lectrique<\/li>\n<li>micro-onde<\/li>\n<li>Plats<\/li>\n<li>Casseroles et ustensiles de cuisine<\/li>\n<li>Vaisselle et couverts<\/li>\n<\/ul>\n<p><strong>SALLE DE BAIN<\/strong><\/p>\n<ul>\n<li>S\u00e8che-cheveux<\/li>\n<li>Baignoire\/Douche<\/li>\n<li>Toilette<\/li>\n<\/ul>\n<p><strong>ENFANTS (uniquement si demand\u00e9)<\/strong><\/p>\n<ul>\n<li>Baignoire pour b\u00e9b\u00e9<\/li>\n<li>Lit b\u00e9b\u00e9 avec matelas et literie<\/li>\n<li>Chaise pour enfant<\/li>\n<\/ul>\n<p>&nbsp;<\/p>\n","protected":false},"excerpt":{"rendered":"<p>Prix et condicions 1 Novembre au 31 de Mars 110 euros 1 Avril au 30 Octobre 120 euros \u00c9quipements dans [&hellip;]<\/p>\n","protected":false},"author":1,"featured_media":0,"parent":0,"menu_order":0,"comment_status":"closed","ping_status":"closed","template":"","meta":{"footnotes":""},"class_list":["post-99","page","type-page","status-publish","hentry"],"_links":{"self":[{"href":"https:\/\/www.casadarriba.com\/fr\/wp-json\/wp\/v2\/pages\/99","targetHints":{"allow":["GET"]}}],"collection":[{"href":"https:\/\/www.casadarriba.com\/fr\/wp-json\/wp\/v2\/pages"}],"about":[{"href":"https:\/\/www.casadarriba.com\/fr\/wp-json\/wp\/v2\/types\/page"}],"author":[{"embeddable":true,"href":"https:\/\/www.casadarriba.com\/fr\/wp-json\/wp\/v2\/users\/1"}],"replies":[{"embeddable":true,"href":"https:\/\/www.casadarriba.com\/fr\/wp-json\/wp\/v2\/comments?post=99"}],"version-history":[{"count":5,"href":"https:\/\/www.casadarriba.com\/fr\/wp-json\/wp\/v2\/pages\/99\/revisions"}],"predecessor-version":[{"id":127,"href":"https:\/\/www.casadarriba.com\/fr\/wp-json\/wp\/v2\/pages\/99\/revisions\/127"}],"wp:attachment":[{"href":"https:\/\/www.casadarriba.com\/fr\/wp-json\/wp\/v2\/media?parent=99"}],"curies":[{"name":"wp","href":"https:\/\/api.w.org\/{rel}","templated":true}]}}