{"id":14,"date":"2019-03-29T10:03:21","date_gmt":"2019-03-29T10:03:21","guid":{"rendered":"http:\/\/test3.test\/?page_id=9"},"modified":"2025-07-08T19:33:36","modified_gmt":"2025-07-08T19:33:36","slug":"precos-e-condicoes","status":"publish","type":"page","link":"https:\/\/www.casadarriba.com\/pt\/precos-e-condicoes\/","title":{"rendered":"Pre\u00e7os e Condi\u00e7\u00f5es"},"content":{"rendered":"<h3><b>PRE\u00c7OS<\/b><\/h3>\n<p><b>\u00c9poca Baixa (1 Out. a 31 Mar.) \u00a0\u00a0<\/b><\/p>\n<p>Verde&#8230;&#8230;&#8230;&#8230;&#8230;&#8230;&#8230;&#8230;&#8230;&#8230;&#8230;&#8230;..120\u20ac<\/p>\n<p>Amarelo&#8230;&#8230;&#8230;&#8230;&#8230;&#8230;&#8230;&#8230;&#8230;&#8230;.. 110\u20ac<\/p>\n<p>Azul&#8230;&#8230;&#8230;&#8230;&#8230;&#8230;&#8230;&#8230;&#8230;&#8230;&#8230;&#8230;&#8230;. 90\u20ac<\/p>\n<p><b>\u00c9poca Alta (1 de April a 30 de Sept.)<\/b><\/p>\n<p>Verde&#8230;&#8230;&#8230;&#8230;&#8230;&#8230;&#8230;&#8230;&#8230;&#8230;&#8230;&#8230;..130\u20ac<\/p>\n<p>Amarelo&#8230;&#8230;&#8230;&#8230;&#8230;&#8230;&#8230;&#8230;&#8230;&#8230;.. 120\u20ac<\/p>\n<p>Azul&#8230;&#8230;&#8230;&#8230;&#8230;&#8230;&#8230;&#8230;&#8230;&#8230;&#8230;&#8230;&#8230;. 100\u20ac<\/p>\n<p>O est\u00fadio <strong>amarelo<\/strong> est\u00e1 preparado para receber 2 h\u00f3spedes extra, O est\u00fadio <strong>verde<\/strong> est\u00e1 preparado para receber 1 h\u00f3spede extra.\u00a0O est\u00fadio <strong>azul<\/strong> est\u00e1 preparado para receber um beb\u00e9 at\u00e9 aos 4 anos que partilhe a cama com os pais.<\/p>\n<p>\u00c9poca Baixa e M\u00e9dia estadia m\u00ednima de 2 noites.<\/p>\n<p>Na \u00c9poca Alta\u00a0 estadia m\u00ednima \u00e9 de 5 noites. ( Pode haver excep\u00e7\u00f5es mediante disponibilidade, por favor contacte-nos directamente)<\/p>\n<h3>H\u00f3spedes Extra<\/h3>\n<p>Cama extra (+10 anos de idade) ter\u00e1 um pre\u00e7o de 25 Euros<br \/>\nBeb\u00e9s at\u00e9 aos 3 anos gr\u00e1tis. Entre os 4 e os 10 anos a tarifa ser\u00e3o 15 Euros<\/p>\n<h3><b>Condi\u00e7\u00f5es de pagamento<\/b><\/h3>\n<p>Para efectivar a reserva \u00e9 necess\u00e1rio um pagamento de 30% do total da reserva.<\/p>\n<p>O restante ser\u00e1 pago no dia da chegada.<\/p>\n<p>Os pagamentos podem ser efetuados em dinheiro, Cheque, Transferencia Banc\u00e1ria, Paypal, e nos seguintes cart\u00f5es:<\/p>\n<p>Visa Cr\u00e9dito e D\u00e9bito,Mastercard e Maestro.(Pagamentos com cart\u00e3o de cr\u00e9dito ou Paypal s\u00e3o sujeitos a uma taxa de 6%)<\/p>\n<h3><b>Condi\u00e7\u00f5es de cancelamento<\/b><\/h3>\n<p><span style=\"font-size: 16px;\">Em caso de n\u00e3o compar\u00eancia ou de redu\u00e7\u00e3o da estadia(ap\u00f3s a data da chegada) n\u00e3o ser\u00e1 devido nenhum reembolso.<\/span><\/p>\n<h3>Condi\u00e7\u00f5es Gerais<\/h3>\n<p>Fumar n\u00e3o \u00e9 permitido dentro dos est\u00fadios.<\/p>\n<h3>Entradas e Sa\u00eddas<\/h3>\n<p>Check-out antes das 12,00 horas.<\/p>\n<p>Check-in ap\u00f3s as 15,00 horas.<\/p>\n<p>Os check in presenciais ser\u00e3o efectuados at\u00e9 \u00e0s 19hoo ( excepto excep\u00e7\u00f5es). Se o seu check in for realizado depois desta hora ser\u00e1 informado via sms ou email das instru\u00e7\u00f5es para o check in autom\u00e1tico.<\/p>\n<p>N\u00e3o s\u00e3o permitidos animais.<\/p>\n<p>&nbsp;<\/p>\n","protected":false},"excerpt":{"rendered":"<p>PRE\u00c7OS \u00c9poca Baixa (1 Out. a 31 Mar.) \u00a0\u00a0 Verde&#8230;&#8230;&#8230;&#8230;&#8230;&#8230;&#8230;&#8230;&#8230;&#8230;&#8230;&#8230;..120\u20ac Amarelo&#8230;&#8230;&#8230;&#8230;&#8230;&#8230;&#8230;&#8230;&#8230;&#8230;.. 110\u20ac Azul&#8230;&#8230;&#8230;&#8230;&#8230;&#8230;&#8230;&#8230;&#8230;&#8230;&#8230;&#8230;&#8230;. 90\u20ac \u00c9poca Alta (1 de April a [&hellip;]<\/p>\n","protected":false},"author":1,"featured_media":0,"parent":0,"menu_order":0,"comment_status":"closed","ping_status":"closed","template":"","meta":{"footnotes":""},"class_list":["post-14","page","type-page","status-publish","hentry"],"_links":{"self":[{"href":"https:\/\/www.casadarriba.com\/pt\/wp-json\/wp\/v2\/pages\/14","targetHints":{"allow":["GET"]}}],"collection":[{"href":"https:\/\/www.casadarriba.com\/pt\/wp-json\/wp\/v2\/pages"}],"about":[{"href":"https:\/\/www.casadarriba.com\/pt\/wp-json\/wp\/v2\/types\/page"}],"author":[{"embeddable":true,"href":"https:\/\/www.casadarriba.com\/pt\/wp-json\/wp\/v2\/users\/1"}],"replies":[{"embeddable":true,"href":"https:\/\/www.casadarriba.com\/pt\/wp-json\/wp\/v2\/comments?post=14"}],"version-history":[{"count":3,"href":"https:\/\/www.casadarriba.com\/pt\/wp-json\/wp\/v2\/pages\/14\/revisions"}],"predecessor-version":[{"id":138,"href":"https:\/\/www.casadarriba.com\/pt\/wp-json\/wp\/v2\/pages\/14\/revisions\/138"}],"wp:attachment":[{"href":"https:\/\/www.casadarriba.com\/pt\/wp-json\/wp\/v2\/media?parent=14"}],"curies":[{"name":"wp","href":"https:\/\/api.w.org\/{rel}","templated":true}]}}