{"id":16,"date":"2019-03-29T10:03:56","date_gmt":"2019-03-29T10:03:56","guid":{"rendered":"http:\/\/test3.test\/?page_id=13"},"modified":"2020-05-16T21:11:42","modified_gmt":"2020-05-16T21:11:42","slug":"reservas","status":"publish","type":"page","link":"https:\/\/www.casadarriba.com\/pt\/reservas\/","title":{"rendered":"Reservas"},"content":{"rendered":"<h3><b>Reservas<\/b><\/h3>\n<p>Para efectuar a sua reserva diretamente connosco por favor siga o link abaixo<\/p>\n<p style=\"text-align: center;\"><a class=\"btn btn-santaclaus\" role=\"button\" href=\"https:\/\/portal.freetobook.com\/reservations?w_id=7474&amp;w_tkn=t8Fkv1hiOTd14RDVeY5aZA7cjvIbGWUBwR0QcArIh0lwdbdWVlspOQkJwwuiy\" target=\"_blank\" rel=\"noopener noreferrer\"> Reserve J\u00e1 <\/a><\/p>\n<p>&nbsp;<\/p>\n<p style=\"text-align: left;\">Para reservas atrav\u00e9s de transfer\u00eancia banc\u00e1ria, envie pedido de informa\u00e7\u00e3o para reservas@casadarriba.com<\/p>\n<h3><b>Os nossos detalhes banc\u00e1rios s\u00e3o:<\/b><\/h3>\n<p>Joana Gon\u00e7alves<br \/>\nNIB: 0033 0000 4530 5845 1940 5<br \/>\nIBAN PT 50 0033 0000 4530 5845 1940 5<br \/>\nBIC\/SWIFT: \u00a0\u00a0\u00a0\u00a0BCOMPTPL<br \/>\nMillenium BCP Bank<br \/>\nPortugal<\/p>\n<p>&nbsp;<\/p>\n","protected":false},"excerpt":{"rendered":"<p>Reservas Para efectuar a sua reserva diretamente connosco por favor siga o link abaixo Reserve J\u00e1 &nbsp; Para reservas atrav\u00e9s [&hellip;]<\/p>\n","protected":false},"author":1,"featured_media":0,"parent":0,"menu_order":0,"comment_status":"closed","ping_status":"closed","template":"","meta":{"footnotes":""},"class_list":["post-16","page","type-page","status-publish","hentry"],"_links":{"self":[{"href":"https:\/\/www.casadarriba.com\/pt\/wp-json\/wp\/v2\/pages\/16","targetHints":{"allow":["GET"]}}],"collection":[{"href":"https:\/\/www.casadarriba.com\/pt\/wp-json\/wp\/v2\/pages"}],"about":[{"href":"https:\/\/www.casadarriba.com\/pt\/wp-json\/wp\/v2\/types\/page"}],"author":[{"embeddable":true,"href":"https:\/\/www.casadarriba.com\/pt\/wp-json\/wp\/v2\/users\/1"}],"replies":[{"embeddable":true,"href":"https:\/\/www.casadarriba.com\/pt\/wp-json\/wp\/v2\/comments?post=16"}],"version-history":[{"count":1,"href":"https:\/\/www.casadarriba.com\/pt\/wp-json\/wp\/v2\/pages\/16\/revisions"}],"predecessor-version":[{"id":114,"href":"https:\/\/www.casadarriba.com\/pt\/wp-json\/wp\/v2\/pages\/16\/revisions\/114"}],"wp:attachment":[{"href":"https:\/\/www.casadarriba.com\/pt\/wp-json\/wp\/v2\/media?parent=16"}],"curies":[{"name":"wp","href":"https:\/\/api.w.org\/{rel}","templated":true}]}}