{"id":99,"date":"2019-04-07T13:49:20","date_gmt":"2019-04-07T13:49:20","guid":{"rendered":"http:\/\/test3.test\/?page_id=99"},"modified":"2023-01-02T11:22:22","modified_gmt":"2023-01-02T11:22:22","slug":"yellow","status":"publish","type":"page","link":"https:\/\/www.casadarriba.com\/pt\/yellow\/","title":{"rendered":"Estudio Amarelo"},"content":{"rendered":"\n<p>&nbsp;<\/p>\n<p>Est\u00fadio com um quarto em mezzanine. As paredes repletas de fosseis e em rocha tornam este quarto muito r\u00fastico e transportam-nos para \u00e9pocas passadas. Na zona da kitchennete pode vislumbrar a praia de areia e a famosa cidade de Peniche com as suas ilhas Berlengas. Do lado sul, onde se encontra a sala de estar, pode disfrutar da maravilhosa vista sobre o Oceano Atl\u00e2ntico. A varanda bastante grande e bem equipada ser\u00e1 com certeza o seu lugar de elei\u00e7\u00e3o.<\/p>\n<p>Para informa\u00e7\u00e3o detalhada ver: \u00a0\u00a0 \u00a0\u00a0 <a href=\"https:\/\/www.casadarriba.com\/pt\/precos-e-condicoes\/\" rel=\"noopener noreferrer\">Pre\u00e7os e Condi\u00e7\u00f5es<\/a><\/p>\n<p>1 Novembro a 31 de Mar\u00e7o 110 euros<br \/>\n1 de Abril a 31 de Outubro 120 euros<\/p>\n<h6>ESTUDIO &amp; COZINHA<\/h6>\n<ul>\n<li>Varanda com cadeiras e mesa<\/li>\n<li>Wifi Gr\u00e1tis<\/li>\n<li>TV por Cabo<\/li>\n<li>Cama dupla<\/li>\n<li>2 Sommiers<\/li>\n<li>Mesa de Jantar e cadeiras<\/li>\n<li>Forno El\u00e9ctrico<\/li>\n<li>Exaustor<\/li>\n<li>Frigor\u00edfico &amp; Arca<\/li>\n<li>M\u00e1quina de caf\u00e9<\/li>\n<li>Torradeira<\/li>\n<li>Aquecedor de \u00e1gua<\/li>\n<li>Microondas<\/li>\n<li>Pratos e Panelas<\/li>\n<li>Utens\u00edlios de cozinha<\/li>\n<li>Lou\u00e7a e talheres<\/li>\n<\/ul>\n<h6>CASA DE BANHO<strong><br \/>\n<\/strong><\/h6>\n<ul>\n<li>Secador Cabelo<\/li>\n<li>Duche<\/li>\n<li>Banheiro<\/li>\n<\/ul>\n<h6>PARA CRIAN\u00c7AS (somente se solicitado)<\/h6>\n<ul>\n<li>Banheira para beb\u00e9<\/li>\n<li>Ber\u00e7o com colch\u00e3o e roupa de cama<\/li>\n<li>Cadeira para beb\u00e9<\/li>\n<\/ul>\n","protected":false},"excerpt":{"rendered":"<p>&nbsp; Est\u00fadio com um quarto em mezzanine. As paredes repletas de fosseis e em rocha tornam este quarto muito r\u00fastico [&hellip;]<\/p>\n","protected":false},"author":1,"featured_media":0,"parent":0,"menu_order":0,"comment_status":"closed","ping_status":"closed","template":"","meta":{"footnotes":""},"class_list":["post-99","page","type-page","status-publish","hentry"],"_links":{"self":[{"href":"https:\/\/www.casadarriba.com\/pt\/wp-json\/wp\/v2\/pages\/99","targetHints":{"allow":["GET"]}}],"collection":[{"href":"https:\/\/www.casadarriba.com\/pt\/wp-json\/wp\/v2\/pages"}],"about":[{"href":"https:\/\/www.casadarriba.com\/pt\/wp-json\/wp\/v2\/types\/page"}],"author":[{"embeddable":true,"href":"https:\/\/www.casadarriba.com\/pt\/wp-json\/wp\/v2\/users\/1"}],"replies":[{"embeddable":true,"href":"https:\/\/www.casadarriba.com\/pt\/wp-json\/wp\/v2\/comments?post=99"}],"version-history":[{"count":8,"href":"https:\/\/www.casadarriba.com\/pt\/wp-json\/wp\/v2\/pages\/99\/revisions"}],"predecessor-version":[{"id":133,"href":"https:\/\/www.casadarriba.com\/pt\/wp-json\/wp\/v2\/pages\/99\/revisions\/133"}],"wp:attachment":[{"href":"https:\/\/www.casadarriba.com\/pt\/wp-json\/wp\/v2\/media?parent=99"}],"curies":[{"name":"wp","href":"https:\/\/api.w.org\/{rel}","templated":true}]}}